{"id":14165,"date":"2021-12-18T12:01:36","date_gmt":"2021-12-18T12:01:36","guid":{"rendered":"https:\/\/www.jn-seatcovers.com\/?post_type=product&#038;p=14165"},"modified":"2023-12-30T11:40:36","modified_gmt":"2023-12-30T11:40:36","slug":"yamaha-tracer-900-900-gt-18-20-4","status":"publish","type":"product","link":"https:\/\/www.jn-seatcovers.com\/en\/shop\/yamaha-tracer-900-900-gt-18-20-4\/","title":{"rendered":"YAMAHA TRACER 900-900 GT 18-20"},"content":{"rendered":"<h2><img loading=\"lazy\" decoding=\"async\" class=\"alignnone wp-image-7720\" src=\"https:\/\/www.jn-seatcovers.com\/wp-content\/uploads\/2020\/08\/portugalbandeirabb-300x157.jpg\" alt=\"\" width=\"33\" height=\"17\" srcset=\"https:\/\/www.jn-seatcovers.com\/wp-content\/uploads\/2020\/08\/portugalbandeirabb-300x157.jpg 300w, https:\/\/www.jn-seatcovers.com\/wp-content\/uploads\/2020\/08\/portugalbandeirabb.jpg 350w\" sizes=\"auto, (max-width: 33px) 100vw, 33px\" \/> Capas de banco<\/h2>\n<p>&nbsp;<\/p>\n<h5>Anti derrapante preto.<\/h5>\n<h5>Carbono sint\u00e9tico preto.<\/h5>\n<h5>Costura dupla vermelho.<\/h5>\n<h5>Losangos.<\/h5>\n<h5>100% imperme\u00e1vel.<\/h5>\n<h5>Banda el\u00e1stica para agrafar.<\/h5>\n<p>&nbsp;<\/p>\n<h2><img loading=\"lazy\" decoding=\"async\" class=\"alignnone wp-image-7722\" src=\"https:\/\/www.jn-seatcovers.com\/wp-content\/uploads\/2020\/08\/290px-Flag_of_the_United_Kingdom_svg.png\" alt=\"\" width=\"36\" height=\"18\" \/> Seat covers<\/h2>\n<p>&nbsp;<\/p>\n<h5>Black anti slip.<\/h5>\n<h5>Black carbon synthetic.<\/h5>\n<h5>Red double seam.<\/h5>\n<h5>Diamonds.<\/h5>\n<h5>100% waterproof.<\/h5>\n<h5>Elastic band for stapling.<\/h5>\n<h6><\/h6>\n","protected":false},"excerpt":{"rendered":"<p>Capas de banco &nbsp; Anti derrapante preto. Carbono sint\u00e9tico preto. Costura dupla vermelho. Losangos. 100% imperme\u00e1vel. Banda el\u00e1stica para agrafar. &nbsp; Seat covers &nbsp; Black anti slip. Black carbon synthetic. Red double seam. Diamonds. 100% waterproof. Elastic band for stapling.<\/p>\n","protected":false},"featured_media":14124,"template":"","meta":{"_acf_changed":false},"product_brand":[],"product_cat":[221,207],"product_tag":[],"class_list":{"0":"post-14165","1":"product","2":"type-product","3":"status-publish","4":"has-post-thumbnail","6":"product_cat-road","7":"product_cat-tracer-900","9":"first","10":"instock","11":"featured","12":"shipping-taxable","13":"purchasable","14":"product-type-simple"},"acf":[],"_links":{"self":[{"href":"https:\/\/www.jn-seatcovers.com\/en\/wp-json\/wp\/v2\/product\/14165","targetHints":{"allow":["GET"]}}],"collection":[{"href":"https:\/\/www.jn-seatcovers.com\/en\/wp-json\/wp\/v2\/product"}],"about":[{"href":"https:\/\/www.jn-seatcovers.com\/en\/wp-json\/wp\/v2\/types\/product"}],"wp:featuredmedia":[{"embeddable":true,"href":"https:\/\/www.jn-seatcovers.com\/en\/wp-json\/wp\/v2\/media\/14124"}],"wp:attachment":[{"href":"https:\/\/www.jn-seatcovers.com\/en\/wp-json\/wp\/v2\/media?parent=14165"}],"wp:term":[{"taxonomy":"product_brand","embeddable":true,"href":"https:\/\/www.jn-seatcovers.com\/en\/wp-json\/wp\/v2\/product_brand?post=14165"},{"taxonomy":"product_cat","embeddable":true,"href":"https:\/\/www.jn-seatcovers.com\/en\/wp-json\/wp\/v2\/product_cat?post=14165"},{"taxonomy":"product_tag","embeddable":true,"href":"https:\/\/www.jn-seatcovers.com\/en\/wp-json\/wp\/v2\/product_tag?post=14165"}],"curies":[{"name":"wp","href":"https:\/\/api.w.org\/{rel}","templated":true}]}}