{"id":21794,"date":"2022-10-04T09:48:02","date_gmt":"2022-10-04T09:48:03","guid":{"rendered":"https:\/\/www.jn-seatcovers.com\/?post_type=product&#038;p=21794"},"modified":"2026-02-05T14:05:17","modified_gmt":"2026-02-05T14:05:17","slug":"yamaha-tenere-700-19-22-rally-seat-2","status":"publish","type":"product","link":"https:\/\/www.jn-seatcovers.com\/en\/shop\/yamaha-tenere-700-19-22-rally-seat-2\/","title":{"rendered":"YAMAHA T\u00c9N\u00c9R\u00c9 700 19-24 RALLY SEAT"},"content":{"rendered":"<h3><span style=\"color: #ff0000;\">Seat covers<\/span><\/h3>\n<p>&nbsp;<\/p>\n<p>&nbsp;<\/p>\n<p>Suede waterproof.<\/p>\n<p>Sanded non slip.<\/p>\n<p>Vulcanized humps.<\/p>\n<p>100% waterproof.<\/p>\n<p>Elastic band for stapling.<\/p>\n","protected":false},"excerpt":{"rendered":"<p>Seat covers &nbsp; &nbsp; Suede waterproof. Sanded non slip. Vulcanized humps. 100% waterproof. Elastic band for stapling.<\/p>\n","protected":false},"featured_media":21800,"template":"","meta":{"_acf_changed":false},"product_brand":[],"product_cat":[343],"product_tag":[],"class_list":{"0":"post-21794","1":"product","2":"type-product","3":"status-publish","4":"has-post-thumbnail","6":"product_cat-tenere-700","8":"first","9":"instock","10":"shipping-taxable","11":"purchasable","12":"product-type-variable","13":"has-default-attributes"},"acf":[],"_links":{"self":[{"href":"https:\/\/www.jn-seatcovers.com\/en\/wp-json\/wp\/v2\/product\/21794","targetHints":{"allow":["GET"]}}],"collection":[{"href":"https:\/\/www.jn-seatcovers.com\/en\/wp-json\/wp\/v2\/product"}],"about":[{"href":"https:\/\/www.jn-seatcovers.com\/en\/wp-json\/wp\/v2\/types\/product"}],"wp:featuredmedia":[{"embeddable":true,"href":"https:\/\/www.jn-seatcovers.com\/en\/wp-json\/wp\/v2\/media\/21800"}],"wp:attachment":[{"href":"https:\/\/www.jn-seatcovers.com\/en\/wp-json\/wp\/v2\/media?parent=21794"}],"wp:term":[{"taxonomy":"product_brand","embeddable":true,"href":"https:\/\/www.jn-seatcovers.com\/en\/wp-json\/wp\/v2\/product_brand?post=21794"},{"taxonomy":"product_cat","embeddable":true,"href":"https:\/\/www.jn-seatcovers.com\/en\/wp-json\/wp\/v2\/product_cat?post=21794"},{"taxonomy":"product_tag","embeddable":true,"href":"https:\/\/www.jn-seatcovers.com\/en\/wp-json\/wp\/v2\/product_tag?post=21794"}],"curies":[{"name":"wp","href":"https:\/\/api.w.org\/{rel}","templated":true}]}}