{"id":41748,"date":"2026-03-27T15:58:35","date_gmt":"2026-03-27T15:58:35","guid":{"rendered":"https:\/\/www.jn-seatcovers.com\/shop\/yamaha-tenere-700-world-raid-26\/"},"modified":"2026-03-27T15:58:35","modified_gmt":"2026-03-27T15:58:35","slug":"yamaha-tenere-700-world-raid-26","status":"publish","type":"product","link":"https:\/\/www.jn-seatcovers.com\/en\/shop\/yamaha-tenere-700-world-raid-26\/","title":{"rendered":"YAMAHA T\u00c9N\u00c9R\u00c9 700 WORLD RAID 26"},"content":{"rendered":"<h3>Seat cover<\/h3>\n<p>&nbsp;<\/p>\n<p>&nbsp;<\/p>\n<p>Suede waterproof.<\/p>\n<p>Sanded non slip.<\/p>\n<p>Vulcanized humps.<\/p>\n<p>100% waterproof.<\/p>\n","protected":false},"excerpt":{"rendered":"<p>Seat cover &nbsp; &nbsp; Suede waterproof. Sanded non slip. Vulcanized humps. 100% waterproof.<\/p>\n","protected":false},"featured_media":41715,"template":"","meta":{"_acf_changed":false},"product_brand":[],"product_cat":[534,553,373],"product_tag":[],"class_list":{"0":"post-41748","1":"product","2":"type-product","3":"status-publish","4":"has-post-thumbnail","6":"product_cat-off-road","7":"product_cat-tenere-700-world-raid-26","8":"product_cat-yamaha-2","10":"first","11":"instock","12":"shipping-taxable","13":"purchasable","14":"product-type-variable"},"acf":[],"_links":{"self":[{"href":"https:\/\/www.jn-seatcovers.com\/en\/wp-json\/wp\/v2\/product\/41748","targetHints":{"allow":["GET"]}}],"collection":[{"href":"https:\/\/www.jn-seatcovers.com\/en\/wp-json\/wp\/v2\/product"}],"about":[{"href":"https:\/\/www.jn-seatcovers.com\/en\/wp-json\/wp\/v2\/types\/product"}],"wp:featuredmedia":[{"embeddable":true,"href":"https:\/\/www.jn-seatcovers.com\/en\/wp-json\/wp\/v2\/media\/41715"}],"wp:attachment":[{"href":"https:\/\/www.jn-seatcovers.com\/en\/wp-json\/wp\/v2\/media?parent=41748"}],"wp:term":[{"taxonomy":"product_brand","embeddable":true,"href":"https:\/\/www.jn-seatcovers.com\/en\/wp-json\/wp\/v2\/product_brand?post=41748"},{"taxonomy":"product_cat","embeddable":true,"href":"https:\/\/www.jn-seatcovers.com\/en\/wp-json\/wp\/v2\/product_cat?post=41748"},{"taxonomy":"product_tag","embeddable":true,"href":"https:\/\/www.jn-seatcovers.com\/en\/wp-json\/wp\/v2\/product_tag?post=41748"}],"curies":[{"name":"wp","href":"https:\/\/api.w.org\/{rel}","templated":true}]}}