{"id":42122,"date":"2026-04-22T10:31:29","date_gmt":"2026-04-22T10:31:29","guid":{"rendered":"https:\/\/www.jn-seatcovers.com\/shop\/yamaha-tenere-700-world-raid-22-25\/"},"modified":"2026-04-22T10:31:29","modified_gmt":"2026-04-22T10:31:29","slug":"yamaha-tenere-700-world-raid-22-25","status":"publish","type":"product","link":"https:\/\/www.jn-seatcovers.com\/en\/shop\/yamaha-tenere-700-world-raid-22-25\/","title":{"rendered":"YAMAHA T\u00c9N\u00c9R\u00c9 700 WORLD RAID 22-25"},"content":{"rendered":"<h3>Comfort seat<\/h3>\n<p>&nbsp;<\/p>\n<p>&nbsp;<\/p>\n<p>Suede waterproof.<\/p>\n<p>Sanded non slip.<\/p>\n<p>Vulcanized humps.<\/p>\n<p>100% waterproof.<\/p>\n<p>Extra comfort with polyester and visco foam.<\/p>\n","protected":false},"excerpt":{"rendered":"<p>Comfort seat &nbsp; &nbsp; Suede waterproof. Sanded non slip. Vulcanized humps. 100% waterproof. Extra comfort with polyester and visco foam.<\/p>\n","protected":false},"featured_media":42074,"template":"","meta":{"_acf_changed":false},"product_brand":[],"product_cat":[534,555,373],"product_tag":[],"class_list":{"0":"post-42122","1":"product","2":"type-product","3":"status-publish","4":"has-post-thumbnail","6":"product_cat-off-road","7":"product_cat-tenere-700-world-raid-22-25","8":"product_cat-yamaha-2","10":"first","11":"instock","12":"shipping-taxable","13":"purchasable","14":"product-type-variable"},"acf":[],"_links":{"self":[{"href":"https:\/\/www.jn-seatcovers.com\/en\/wp-json\/wp\/v2\/product\/42122","targetHints":{"allow":["GET"]}}],"collection":[{"href":"https:\/\/www.jn-seatcovers.com\/en\/wp-json\/wp\/v2\/product"}],"about":[{"href":"https:\/\/www.jn-seatcovers.com\/en\/wp-json\/wp\/v2\/types\/product"}],"wp:featuredmedia":[{"embeddable":true,"href":"https:\/\/www.jn-seatcovers.com\/en\/wp-json\/wp\/v2\/media\/42074"}],"wp:attachment":[{"href":"https:\/\/www.jn-seatcovers.com\/en\/wp-json\/wp\/v2\/media?parent=42122"}],"wp:term":[{"taxonomy":"product_brand","embeddable":true,"href":"https:\/\/www.jn-seatcovers.com\/en\/wp-json\/wp\/v2\/product_brand?post=42122"},{"taxonomy":"product_cat","embeddable":true,"href":"https:\/\/www.jn-seatcovers.com\/en\/wp-json\/wp\/v2\/product_cat?post=42122"},{"taxonomy":"product_tag","embeddable":true,"href":"https:\/\/www.jn-seatcovers.com\/en\/wp-json\/wp\/v2\/product_tag?post=42122"}],"curies":[{"name":"wp","href":"https:\/\/api.w.org\/{rel}","templated":true}]}}