{"id":42242,"date":"2026-04-23T07:13:25","date_gmt":"2026-04-23T07:13:25","guid":{"rendered":"https:\/\/www.jn-seatcovers.com\/shop\/yamaha-tenere-700-19-24\/"},"modified":"2026-04-23T07:13:25","modified_gmt":"2026-04-23T07:13:25","slug":"yamaha-tenere-700-19-24","status":"publish","type":"product","link":"https:\/\/www.jn-seatcovers.com\/en\/shop\/yamaha-tenere-700-19-24\/","title":{"rendered":"YAMAHA T\u00c9N\u00c9R\u00c9 700 19-24"},"content":{"rendered":"<h3>Comfort seats<\/h3>\n<p>&nbsp;<\/p>\n<p>&nbsp;<\/p>\n<p>Suede waterproof.<\/p>\n<p>Sanded non slip.<\/p>\n<p>Carbon synthetic.<\/p>\n<p>Double stitching.<\/p>\n<p>Vulcanized humps.<\/p>\n<p>Embroidered T7 logo.<\/p>\n<p>100% waterproof.<\/p>\n<p>Elastic band for stapling.<\/p>\n<p>Extra comfort with polyester and visco foam- driver \/ passanger.<\/p>\n<p>Lumbar support for the driver.<\/p>\n","protected":false},"excerpt":{"rendered":"<p>Comfort seats &nbsp; &nbsp; Suede waterproof. Sanded non slip. Carbon synthetic. Double stitching. Vulcanized humps. Embroidered T7 logo. 100% waterproof. Elastic band for stapling. Extra comfort with polyester and visco foam- driver \/ passanger. Lumbar support for the driver.<\/p>\n","protected":false},"featured_media":42199,"template":"","meta":{"_acf_changed":false},"product_brand":[],"product_cat":[534,343,373],"product_tag":[],"class_list":{"0":"post-42242","1":"product","2":"type-product","3":"status-publish","4":"has-post-thumbnail","6":"product_cat-off-road","7":"product_cat-tenere-700","8":"product_cat-yamaha-2","10":"first","11":"instock","12":"shipping-taxable","13":"purchasable","14":"product-type-variable"},"acf":[],"_links":{"self":[{"href":"https:\/\/www.jn-seatcovers.com\/en\/wp-json\/wp\/v2\/product\/42242","targetHints":{"allow":["GET"]}}],"collection":[{"href":"https:\/\/www.jn-seatcovers.com\/en\/wp-json\/wp\/v2\/product"}],"about":[{"href":"https:\/\/www.jn-seatcovers.com\/en\/wp-json\/wp\/v2\/types\/product"}],"wp:featuredmedia":[{"embeddable":true,"href":"https:\/\/www.jn-seatcovers.com\/en\/wp-json\/wp\/v2\/media\/42199"}],"wp:attachment":[{"href":"https:\/\/www.jn-seatcovers.com\/en\/wp-json\/wp\/v2\/media?parent=42242"}],"wp:term":[{"taxonomy":"product_brand","embeddable":true,"href":"https:\/\/www.jn-seatcovers.com\/en\/wp-json\/wp\/v2\/product_brand?post=42242"},{"taxonomy":"product_cat","embeddable":true,"href":"https:\/\/www.jn-seatcovers.com\/en\/wp-json\/wp\/v2\/product_cat?post=42242"},{"taxonomy":"product_tag","embeddable":true,"href":"https:\/\/www.jn-seatcovers.com\/en\/wp-json\/wp\/v2\/product_tag?post=42242"}],"curies":[{"name":"wp","href":"https:\/\/api.w.org\/{rel}","templated":true}]}}