{"id":9747,"date":"2021-01-11T17:39:10","date_gmt":"2021-01-11T17:39:10","guid":{"rendered":"https:\/\/www.jn-seatcovers.com\/?post_type=product&#038;p=9747"},"modified":"2023-12-29T15:06:17","modified_gmt":"2023-12-29T15:06:17","slug":"royal-enfield-himalayan","status":"publish","type":"product","link":"https:\/\/www.jn-seatcovers.com\/en\/shop\/royal-enfield-himalayan\/","title":{"rendered":"ROYAL ENFIELD HIMALAYAN"},"content":{"rendered":"<h3><img loading=\"lazy\" decoding=\"async\" class=\"alignnone wp-image-7720\" src=\"https:\/\/www.jn-seatcovers.com\/wp-content\/uploads\/2020\/08\/portugalbandeirabb-300x157.jpg\" alt=\"\" width=\"36\" height=\"19\" srcset=\"https:\/\/www.jn-seatcovers.com\/wp-content\/uploads\/2020\/08\/portugalbandeirabb-300x157.jpg 300w, https:\/\/www.jn-seatcovers.com\/wp-content\/uploads\/2020\/08\/portugalbandeirabb.jpg 350w\" sizes=\"auto, (max-width: 36px) 100vw, 36px\" \/> Transforma\u00e7\u00e3o no banco do cliente<\/h3>\n<p>&nbsp;<\/p>\n<h5>Anti derrapante preto.<\/h5>\n<h5>Carbono sint\u00e9tico preto.<\/h5>\n<h5>Costura dupla branco.<\/h5>\n<h5>Logo HIMALAYAN bordado.<\/h5>\n<h5>100% imperme\u00e1vel.<\/h5>\n<h5>Banda el\u00e1stica para agrafar.<\/h5>\n<h5>Extra conforto com espuma poliester e espuma visco el\u00e1stica- condutor \/ passageiro.<\/h5>\n<h5>Suporte lombar para o condutor<\/h5>\n<p>&nbsp;<\/p>\n<h6>Servi\u00e7o de recolha e entrega\u00a0 do banco no endere\u00e7o do cliente (servi\u00e7o e pre\u00e7o sob consulta)<\/h6>\n<h6>Na adjudica\u00e7\u00e3o deste produto ser\u00e1 contactado por um colaborador da JN SEATS.<\/h6>\n<h6>Contacte-nos- shop@jn-seatcovers.com<\/h6>\n<p>&nbsp;<\/p>\n<p>&nbsp;<\/p>\n<h3><img loading=\"lazy\" decoding=\"async\" class=\"alignnone wp-image-7722\" src=\"https:\/\/www.jn-seatcovers.com\/wp-content\/uploads\/2020\/08\/290px-Flag_of_the_United_Kingdom_svg.png\" alt=\"\" width=\"34\" height=\"17\" \/> All changes must be made on the original costumer seat<\/h3>\n<p>&nbsp;<\/p>\n<h5>Black anti slip.<\/h5>\n<h5>Black carbon synthetic.<\/h5>\n<h5>\u00a0White double seam.<\/h5>\n<h5>Embroidered HIMALAYAN logo.<\/h5>\n<h5>100% waterproof.<\/h5>\n<h5>Elastic band for stapling.<\/h5>\n<h5>Extra comfort with polyester and visco foam- driver \/ passenger.<\/h5>\n<h5>Lumbar support for the driver.<\/h5>\n<p>&nbsp;<\/p>\n<h6>Pick up and delivery on desired location (service and price by request).<\/h6>\n<h6>In the choice of this product, you will be contacted by a member of JN SEAT<\/h6>\n<h6>Contact us- shop@jn-seatcovers.com<\/h6>\n","protected":false},"excerpt":{"rendered":"<p>Transforma\u00e7\u00e3o no banco do cliente &nbsp; Anti derrapante preto. Carbono sint\u00e9tico preto. Costura dupla branco. Logo HIMALAYAN bordado. 100% imperme\u00e1vel. Banda el\u00e1stica para agrafar. Extra conforto com espuma poliester e espuma visco el\u00e1stica- condutor \/ passageiro. Suporte lombar para o condutor &nbsp; Servi\u00e7o de recolha e entrega\u00a0 do banco no endere\u00e7o do cliente (servi\u00e7o e [&hellip;]<\/p>\n","protected":false},"featured_media":9713,"template":"","meta":{"_acf_changed":false},"product_brand":[],"product_cat":[355,221],"product_tag":[],"class_list":{"0":"post-9747","1":"product","2":"type-product","3":"status-publish","4":"has-post-thumbnail","6":"product_cat-himalayan","7":"product_cat-road","9":"first","10":"instock","11":"featured","12":"shipping-taxable","13":"purchasable","14":"product-type-simple"},"acf":[],"_links":{"self":[{"href":"https:\/\/www.jn-seatcovers.com\/en\/wp-json\/wp\/v2\/product\/9747","targetHints":{"allow":["GET"]}}],"collection":[{"href":"https:\/\/www.jn-seatcovers.com\/en\/wp-json\/wp\/v2\/product"}],"about":[{"href":"https:\/\/www.jn-seatcovers.com\/en\/wp-json\/wp\/v2\/types\/product"}],"wp:featuredmedia":[{"embeddable":true,"href":"https:\/\/www.jn-seatcovers.com\/en\/wp-json\/wp\/v2\/media\/9713"}],"wp:attachment":[{"href":"https:\/\/www.jn-seatcovers.com\/en\/wp-json\/wp\/v2\/media?parent=9747"}],"wp:term":[{"taxonomy":"product_brand","embeddable":true,"href":"https:\/\/www.jn-seatcovers.com\/en\/wp-json\/wp\/v2\/product_brand?post=9747"},{"taxonomy":"product_cat","embeddable":true,"href":"https:\/\/www.jn-seatcovers.com\/en\/wp-json\/wp\/v2\/product_cat?post=9747"},{"taxonomy":"product_tag","embeddable":true,"href":"https:\/\/www.jn-seatcovers.com\/en\/wp-json\/wp\/v2\/product_tag?post=9747"}],"curies":[{"name":"wp","href":"https:\/\/api.w.org\/{rel}","templated":true}]}}